{"id":26,"date":"2021-11-02T15:03:09","date_gmt":"2021-11-02T15:03:09","guid":{"rendered":"http:\/\/segin.com.co\/index.php\/mesmerize\/"},"modified":"2023-02-14T01:34:39","modified_gmt":"2023-02-14T01:34:39","slug":"mesmerize","status":"publish","type":"page","link":"https:\/\/segin.com.co\/index.php\/mesmerize\/","title":{"rendered":"INICIO"},"content":{"rendered":"<div  id=\"overlappable-4\" class=\"overlappable-4 content-section content-section-spacing\" style=\"background-color: #ffffff; background-image: none;\" data-label=\"Overlappable\" data-id=\"overlappable-4\" data-export-id=\"overlappable-4\" data-category=\"overlappable\" data-overlap=\"true\">\n<div  class=\"gridContainer\">\n<div  class=\"row spaced-cols text-center center-sm\" data-type=\"row\">\n<div  class=\"col-xs-12 col-sm-4 col-padding col-md-2 \"><i  class=\"fa icon shadow-large-black aligncenter color6 fa-bank bordered round large\"><\/i>&nbsp;\n<div  class=\"\" data-type=\"column\">\n<h5  class=\"\">Asesor\u00eda Jur\u00eddica<\/h5>\n<p  class=\"\">&nbsp;<\/p>\n\n<\/div>\n<\/div>\n<div  class=\"col-xs-12 col-sm-4 col-padding col-md-2 \"><i  class=\"fa icon shadow-large-black aligncenter color6 fa-balance-scale bordered round large\"><\/i>&nbsp;\n<div  class=\"\" data-type=\"column\">\n<h5  class=\"\">Investigaci\u00f3n y Seguridad<\/h5>\n<p  class=\"\">&nbsp;<\/p>\n\n<\/div>\n<\/div>\n<div  class=\"col-xs-12 col-sm-4 col-padding col-md-2 \"><i  class=\"fa icon shadow-large-black aligncenter color6 fa-legal bordered round large\"><\/i>&nbsp;\n<div  class=\"\" data-type=\"column\">\n<h5  class=\"\">Derecho penal<\/h5>\n<p  class=\"\">&nbsp;<\/p>\n\n<\/div>\n<\/div>\n<div  class=\"col-xs-12 col-sm-4 col-padding col-md-2\"><i  class=\"fa icon shadow-large-black aligncenter color6 fa-bank bordered round large\"><\/i>&nbsp;\n<div  class=\"\" data-type=\"column\">\n<h5  class=\"\">Laboratorio Informatica Forense<\/h5>\n<p  class=\"\">&nbsp;<\/p>\n\n<\/div>\n<\/div>\n<\/div>\n<\/div>\n<\/div><div  id=\"about-1\" class=\"about-1 content-section\" style=\"background-color: #f5fafd; background-image: none;\" data-label=\"About\" data-id=\"about-1\" data-export-id=\"about-1\" data-category=\"about\">\n<div  class=\"gridContainer\">\n<div  class=\"row text-center\">\n<div  class=\"section-title-col\" data-type=\"column\">\n<h5  class=\"\">&nbsp;<\/h5>\n<h2  class=\"\">Nuevo Laboratorio Informatica Forense<\/h2>\n<p  class=\"lead\">\u2013 Obtenci\u00f3n de evidencia digital.\n\u2013 Establecer la veracidad e integridad de la evidencia digital.\n\u2013 An\u00e1lisis y evaluaci\u00f3n de resultados.\n\u2013 B\u00fasqueda de pistas e informaci\u00f3n para determinar los hechos.\n\u2013 Identificar el fraude interno.\n\u2013 Gesti\u00f3n de incidentes inform\u00e1ticos.<\/p>\n\n<\/div>\n<\/div>\n<div  class=\"row\">\n<div  class=\"button-holder space-bottom space-bottom-small\" data-type=\"column\"><a class=\"button color3\" href=\"#\" target=\"_self\" rel=\"noopener\" data-cp-link=\"1\">VER<\/a><\/div>\n<div  class=\"col-xs bottom-xs flexbox image-group-bottom-3-img space-bottom-xs center-xs\"><img  decoding=\"async\" class=\"left-img shadow-large-black\" title=\"cropped-pexels-craig-dennis-57007-scaled-1.jpg\" src=\"https:\/\/segin.com.co\/wp-content\/uploads\/2021\/11\/cropped-pexels-craig-dennis-57007-scaled-1.jpg\" alt=\"\" data-size=\"500x300\"> <img  decoding=\"async\" class=\"center-img shadow-large-black\" title=\"cropped-pexels-kevin-ku-577585-scaled-1.jpg\" src=\"https:\/\/segin.com.co\/wp-content\/uploads\/2021\/11\/cropped-pexels-kevin-ku-577585-scaled-1.jpg\" alt=\"\" data-size=\"500x300\"> <img  decoding=\"async\" class=\"right-img shadow-large-black\" title=\"pexels-sergei-starostin-6429123\" src=\"https:\/\/segin.com.co\/wp-content\/uploads\/2021\/11\/pexels-sergei-starostin-6429123-scaled.jpg\" alt=\"\" data-size=\"500x300\"><\/div>\n<\/div>\n<\/div>\n<\/div><div  id=\"valores-cor\" class=\"features-12-card-bordered content-section content-section-spacing \" style=\"background-color: #ffffff;\" data-label=\"Valores cor\" data-id=\"features-12-card-bordered\" data-export-id=\"features-12-card-bordered\" data-category=\"features\">\n<div  class=\"gridContainer\">\n<div  class=\"row text-center\">\n<div  class=\"section-title-col\" data-type=\"column\">\n<h2  class=\"\">Valores corporativos<\/h2>\n<p  class=\"lead\">Nuestros valores definen el compromiso que tenemos con nuestros clientes y empleados<\/p>\n\n<\/div>\n<\/div>\n<div  class=\"row spaced-cols\" data-type=\"row\">\n<div  class=\"col-sm-6\">\n<div  class=\"card row-card bordered y-move\">\n<div  class=\"row\">\n<div  class=\"col-sm-fit icon-column\">&nbsp;<\/div>\n<div  class=\"col-sm\" data-type=\"column\">\n<h5  class=\"color6\">Confiabilidad<\/h5>\n<p  class=\"\">la confiabilidad en esta actividad profesional es fundamental representa la capacidad de la empresa para desempe\u00f1ar la funcion requerida en las condiciones dadas<\/p>\n\n<\/div>\n<\/div>\n<\/div>\n<\/div>\n<div  class=\"col-sm-6\">\n<div  class=\"card row-card bordered y-move\">\n<div  class=\"row\">\n<div  class=\"col-sm-fit icon-column\">&nbsp;<\/div>\n<div  class=\"col-sm\" data-type=\"column\">\n<h5  class=\"color6\">Compromiso<\/h5>\n<p  class=\"\">Actitud para asumir la labor acordada de manera seria y responsable, asumiendo cada tarea con la decision de aportar de manera eficaz y eficiente el logro del objetivo planeado.<\/p>\n\n<\/div>\n<\/div>\n<\/div>\n<\/div>\n<div  class=\"col-sm-6\">\n<div  class=\"card row-card bordered y-move\">\n<div  class=\"row\">\n<div  class=\"col-sm-fit icon-column\">&nbsp;<\/div>\n<div  class=\"col-sm\" data-type=\"column\">\n<h5  class=\"color6\">Confidencialidad<\/h5>\n<p  class=\"\">Es una propiedad que se asigna a la informacion y datos personales de nuestros clientes, con ella se garantiza y los derechos de nuestros contratantes, es aplicada por todos los profesionales y trabajadores de SEGIN<\/p>\n\n<\/div>\n<\/div>\n<\/div>\n<\/div>\n<div  class=\"col-sm-6\">\n<div  class=\"card row-card bordered y-move\">\n<div  class=\"row\">\n<div  class=\"col-sm-fit icon-column\">&nbsp;<\/div>\n<div  class=\"col-sm\" data-type=\"column\">\n<h5  class=\"color6\">Calidad<\/h5>\n<p  class=\"\">Definida como el conjunto de caraceristicas que definen a SEGIN como una empresa especializada en satisfacer las necesidades y requerimientos de sus clientes a traves de profesionales idoneos, expertos.<\/p>\n\n<\/div>\n<\/div>\n<\/div>\n<\/div>\n<\/div>\n<\/div>\n<\/div><div  id=\"content-13\" class=\"content-2 content-section content-section-spacing\" style=\"background-color: #f5fafd;\" data-label=\"Content\" data-id=\"content-2\" data-export-id=\"content-2\" data-category=\"content\">\n<div >\n<div  class=\"row middle-xs\">\n<div  class=\"col-sm-5 bg-image shadow-large-black\" style=\"background-image: url('https:\/\/segin.com.co\/wp-content\/uploads\/2021\/11\/pexels-cottonbro-5474284-scaled.jpg');\" data-bg=\"image\">&nbsp;<\/div>\n<div  class=\"col-sm-7 full-col-left-padding full-col-right-padding\">\n<div  class=\"row\">\n<div  class=\"space-bottom-small content-title-col\" data-type=\"column\">\n<h2  class=\"\">Seguridad Informatica<\/h2>\n<p  class=\"\">brindamos asesoramiento para la protecci\u00f3n de la informaci\u00f3n y, especialmente, al procesamiento que se hace de la misma, con el objetivo de evitar la manipulaci\u00f3n de datos y procesos por personas no autorizadas.<\/p>\n\n<\/div>\n<\/div>\n<div  class=\"row spaced-cols \" data-type=\"row\">\n<div  class=\"col-xs-6\" data-type=\"column\">\n<h5  class=\"\">usuarios<\/h5>\n<p  class=\"\">&nbsp;acciones que causan problemas de segurida<\/p>\n\n<\/div>\n<div  class=\"col-xs-6\" data-type=\"column\">\n<h5  class=\"\">programas maliciosos<\/h5>\n<p  class=\"\">programas destinados a perjudicar o a hacer un uso il\u00edcito de los recursos del sistema<\/p>\n\n<\/div>\n<div  class=\"col-xs-6\" data-type=\"column\">\n<h5  class=\"\">intrusos<\/h5>\n<p  class=\"\">personas que consiguen acceder a los datos o programas a los cuales no est\u00e1n autorizados<\/p>\n\n<\/div>\n<div  class=\"col-xs-6\" data-type=\"column\">\n<h5  class=\"\">fallos electronicos<\/h5>\n<p  class=\"\">una mala manipulaci\u00f3n o mala intenci\u00f3n derivan en la p\u00e9rdida del material o de los archivos<\/p>\n\n<\/div>\n<\/div>\n<\/div>\n<\/div>\n<\/div>\n<\/div><div  id=\"content-14\" class=\"content-3 content-section content-section-spacing\" style=\"background-color: #ffffff;\" data-label=\"Content\" data-id=\"content-3\" data-export-id=\"content-3\" data-category=\"content\">\n<div  class=\"\">\n<div  class=\"row middle-xs\">\n<div  class=\"col-sm-7 full-col-left-padding full-col-right-padding\">\n<div  class=\"row\">\n<div  class=\"space-bottom-small content-title-col\" data-type=\"column\">\n<h2  class=\"\">Juridica<\/h2>\n<p  class=\"\">Brindamos asesoria, asistencia consultoria y representacion legal con responsabilidad social a traves del personal calificado y multidisciplinario, desarrollamos trabajos especializados en las siguientes areas<\/p>\n\n<\/div>\n<\/div>\n<div  class=\"row spaced-cols\" data-type=\"row\">\n<div  class=\"col-xs-6\" data-type=\"column\">\n<h5  class=\"\"><\/h5>\n<p  class=\"\">Derecho Administrativo<\/p>\n\n<\/div>\n<div  class=\"col-xs-6\" data-type=\"column\">\n<h5  class=\"\"><\/h5>\n<p  class=\"\">Derecho Penal<\/p>\n\n<\/div>\n<div  class=\"col-xs-6\" data-type=\"column\">\n<h5  class=\"\"><\/h5>\n<p  class=\"\">Derecho Civil<\/p>\n\n<\/div>\n<div  class=\"col-xs-6\" data-type=\"column\">\n<h5  class=\"\"><\/h5>\n<p  class=\"\">Derecho Constitucional<\/p>\n\n<\/div>\n<\/div>\n<\/div>\n<div  class=\"col-sm-5 bg-image shadow-large-black revert-classes-holder\" style=\"background-image: url('https:\/\/segin.com.co\/wp-content\/uploads\/2021\/11\/pexels-ekaterina-bolovtsova-6077181-scaled.jpg');\" data-bg=\"image\">&nbsp;<\/div>\n<\/div>\n<\/div>\n<\/div><div  id=\"testimonials-5\" class=\"testimonials-5 content-section content-section-spacing\" style=\"background-color: #ffffff;\" data-label=\"Testimonials\" data-id=\"testimonials-5\" data-export-id=\"testimonials-5\" data-category=\"testimonials\">\n<div  class=\"gridContainer\">\n<div  class=\"row\">\n<div  class=\"section-title-col\" data-type=\"column\">\n<h2  class=\"\">Clientes<\/h2>\n<p  class=\"lead\">Esto es lo que dicen nuestros clientes:<\/p>\n\n<\/div>\n<\/div>\n<div  class=\"row spaced-cols content-center-sm\" data-type=\"row\">\n<div  class=\"col-sm-4\">\n<div  class=\"card y-move bordered\" data-type=\"column\"><i  class=\"fa fa-quote-right icon color6 small quotation-icon\"><\/i>&nbsp;\n<p  class=\"text-center\">\u2013<\/p>\n<img  decoding=\"async\" class=\"round icon\" title=\"cropped-WhatsApp-Image-2020-02-21-at-19.46.05.jpeg\" src=\"https:\/\/segin.com.co\/wp-content\/uploads\/2021\/10\/cropped-WhatsApp-Image-2020-02-21-at-19.46.05.jpeg\" alt=\"\">\n<h6  class=\"\">John Dice<\/h6>\n<p  class=\"small italic\">Company name<\/p>\n\n<\/div>\n<\/div>\n<div  class=\"col-sm-4\">\n<div  class=\"card y-move bordered\" data-type=\"column\"><i  class=\"fa fa-quote-right icon color6 small quotation-icon\"><\/i>&nbsp;\n<p  class=\"text-center\">\u2013<\/p>\n<img  decoding=\"async\" class=\"round icon\" title=\"WhatsApp Image 2020-02-21 at 19.46.05\" src=\"https:\/\/segin.com.co\/wp-content\/uploads\/2021\/10\/WhatsApp-Image-2020-02-21-at-19.46.05.jpeg\" alt=\"\">\n<h6  class=\"\">John dice<\/h6>\n<p  class=\"small italic\">Company name<\/p>\n\n<\/div>\n<\/div>\n<div  class=\"col-sm-4\">\n<div  class=\"card y-move bordered\" data-type=\"column\"><i  class=\"fa fa-quote-right icon color6 small quotation-icon\"><\/i>&nbsp;\n<p  class=\"text-center\">\u2013<\/p>\n<img  decoding=\"async\" class=\"round icon\" title=\"WhatsApp Image 2020-02-21 at 19.46.05\" src=\"https:\/\/segin.com.co\/wp-content\/uploads\/2021\/10\/WhatsApp-Image-2020-02-21-at-19.46.05.jpeg\" alt=\"\">\n<h6  class=\"\">John Dice<\/h6>\n<p  class=\"small italic\">Company name<\/p>\n\n<\/div>\n<\/div>\n<\/div>\n<\/div>\n<\/div><div  id=\"contact-1\" class=\"contact-1 content-section content-section-spacing white-text\" data-label=\"Contact\" data-id=\"contact-1\" data-export-id=\"contact-1\" data-category=\"contact\" data-parallax-depth=\"20\">\n<div  class=\"gridContainer\">\n<div  class=\"row text-center\">\n<div  class=\"section-title-col\" data-type=\"column\">\n<h2  class=\"\">Contacta con nosotros<\/h2>\n<p  class=\"lead\">&nbsp;<\/p>\n\n<\/div>\n<\/div>\n<div  class=\"row text-center\">\n<div  class=\"col-xs-12 col-sm-8 col-sm-offset-2 contact-form-wrapper inline-info\">\n<div  class=\"card large-padding\">\n<div  class=\"\" data-content-shortcode=\"mesmerize_contact_form shortcode=&quot;&amp;amp;lt;div id=&amp;amp;quot;after_submit&amp;amp;quot;&amp;amp;gt;&amp;amp;lt;\/div&amp;amp;gt; &amp;amp;lt;form id=&amp;amp;quot;contact_form&amp;amp;quot; action=&amp;amp;quot;#&amp;amp;quot; method=&amp;amp;quot;POST&amp;amp;quot; enctype=&amp;amp;quot;multipart\/form-data&amp;amp;quot;&amp;amp;gt;   &amp;amp;lt;div class=&amp;amp;quot;row&amp;amp;quot;&amp;amp;gt;     &amp;amp;lt;label class=&amp;amp;quot;required&amp;amp;quot; for=&amp;amp;quot;name&amp;amp;quot;&amp;amp;gt;Nombre:&amp;amp;lt;\/label&amp;amp;gt;&amp;amp;lt;br \/&amp;amp;gt;     &amp;amp;lt;input id=&amp;amp;quot;name&amp;amp;quot; class=&amp;amp;quot;input&amp;amp;quot; name=&amp;amp;quot;name&amp;amp;quot; type=&amp;amp;quot;text&amp;amp;quot; value=&amp;amp;quot;&amp;amp;quot; size=&amp;amp;quot;30&amp;amp;quot; \/&amp;amp;gt;&amp;amp;lt;br \/&amp;amp;gt;     &amp;amp;lt;span id=&amp;amp;quot;name_validation&amp;amp;quot; class=&amp;amp;quot;error_message&amp;amp;quot;&amp;amp;gt;&amp;amp;lt;\/span&amp;amp;gt;   &amp;amp;lt;\/div&amp;amp;gt;   &amp;amp;lt;div class=&amp;amp;quot;row&amp;amp;quot;&amp;amp;gt;     &amp;amp;lt;label class=&amp;amp;quot;required&amp;amp;quot; for=&amp;amp;quot;email&amp;amp;quot;&amp;amp;gt;Correo:&amp;amp;lt;\/label&amp;amp;gt;&amp;amp;lt;br \/&amp;amp;gt;     &amp;amp;lt;input id=&amp;amp;quot;email&amp;amp;quot; class=&amp;amp;quot;input&amp;amp;quot; name=&amp;amp;quot;email&amp;amp;quot; type=&amp;amp;quot;text&amp;amp;quot; value=&amp;amp;quot;&amp;amp;quot; size=&amp;amp;quot;30&amp;amp;quot; \/&amp;amp;gt;&amp;amp;lt;br \/&amp;amp;gt;     &amp;amp;lt;span id=&amp;amp;quot;email_validation&amp;amp;quot; class=&amp;amp;quot;error_message&amp;amp;quot;&amp;amp;gt;&amp;amp;lt;\/span&amp;amp;gt;   &amp;amp;lt;\/div&amp;amp;gt;   &amp;amp;lt;div class=&amp;amp;quot;row&amp;amp;quot;&amp;amp;gt;     &amp;amp;lt;label class=&amp;amp;quot;required&amp;amp;quot; for=&amp;amp;quot;message&amp;amp;quot;&amp;amp;gt;Mensaje:&amp;amp;lt;\/label&amp;amp;gt;&amp;amp;lt;br \/&amp;amp;gt;     &amp;amp;lt;textarea id=&amp;amp;quot;message&amp;amp;quot; class=&amp;amp;quot;input&amp;amp;quot; name=&amp;amp;quot;message&amp;amp;quot; rows=&amp;amp;quot;7&amp;amp;quot; cols=&amp;amp;quot;30&amp;amp;quot;&amp;amp;gt;&amp;amp;lt;\/textarea&amp;amp;gt;&amp;amp;lt;br \/&amp;amp;gt;     &amp;amp;lt;span id=&amp;amp;quot;message_validation&amp;amp;quot; class=&amp;amp;quot;error_message&amp;amp;quot;&amp;amp;gt;&amp;amp;lt;\/span&amp;amp;gt;   &amp;amp;lt;\/div&amp;amp;gt;          &amp;amp;lt;input id=&amp;amp;quot;submit_button&amp;amp;quot; type=&amp;amp;quot;submit&amp;amp;quot; value=&amp;amp;quot;enviar&amp;amp;quot; \/&amp;amp;gt; &amp;amp;lt;\/form&amp;amp;gt;&quot;\" data-editable=\"true\">[<div id=\"after_submit\"><\/div> <form id=\"contact_form\" action=\"#\" method=\"POST\" enctype=\"multipart\/form-data\">   <div class=\"row\">     <label class=\"required\" for=\"name\">Nombre:<\/label><br \/>     <input id=\"name\" class=\"input\" name=\"name\" type=\"text\" value=\"\" size=\"30\" \/><br \/>     <span id=\"name_validation\" class=\"error_message\"><\/span>   <\/div>   <div class=\"row\">     <label class=\"required\" for=\"email\">Correo:<\/label><br \/>     <input id=\"email\" class=\"input\" name=\"email\" type=\"text\" value=\"\" size=\"30\" \/><br \/>     <span id=\"email_validation\" class=\"error_message\"><\/span>   <\/div>   <div class=\"row\">     <label class=\"required\" for=\"message\">Mensaje:<\/label><br \/>     <textarea id=\"message\" class=\"input\" name=\"message\" rows=\"7\" cols=\"30\"><\/textarea><br \/>     <span id=\"message_validation\" class=\"error_message\"><\/span>   <\/div>          <input id=\"submit_button\" type=\"submit\" value=\"enviar\" \/> <\/form>]<\/div>\n<\/div>\n<\/div>\n<\/div>\n<\/div>\n<\/div>","protected":false},"excerpt":{"rendered":"<p>&nbsp; Asesor\u00eda Jur\u00eddica &nbsp; &nbsp; Investigaci\u00f3n y Seguridad &nbsp; &nbsp; Derecho penal &nbsp; &nbsp; Laboratorio Informatica Forense &nbsp; &nbsp; Nuevo Laboratorio Informatica Forense \u2013 Obtenci\u00f3n de evidencia digital. \u2013 Establecer la veracidad e integridad de la evidencia digital. \u2013 An\u00e1lisis y evaluaci\u00f3n de resultados. \u2013 B\u00fasqueda de pistas e informaci\u00f3n para determinar los hechos. \u2013&hellip; <br \/> <a class=\"read-more\" href=\"https:\/\/segin.com.co\/index.php\/mesmerize\/\">Read more<\/a><\/p>\n","protected":false},"author":1,"featured_media":0,"parent":0,"menu_order":0,"comment_status":"closed","ping_status":"closed","template":"page-templates\/homepage.php","meta":{"_mi_skip_tracking":false},"aioseo_notices":[],"_links":{"self":[{"href":"https:\/\/segin.com.co\/index.php\/wp-json\/wp\/v2\/pages\/26"}],"collection":[{"href":"https:\/\/segin.com.co\/index.php\/wp-json\/wp\/v2\/pages"}],"about":[{"href":"https:\/\/segin.com.co\/index.php\/wp-json\/wp\/v2\/types\/page"}],"author":[{"embeddable":true,"href":"https:\/\/segin.com.co\/index.php\/wp-json\/wp\/v2\/users\/1"}],"replies":[{"embeddable":true,"href":"https:\/\/segin.com.co\/index.php\/wp-json\/wp\/v2\/comments?post=26"}],"version-history":[{"count":52,"href":"https:\/\/segin.com.co\/index.php\/wp-json\/wp\/v2\/pages\/26\/revisions"}],"predecessor-version":[{"id":513,"href":"https:\/\/segin.com.co\/index.php\/wp-json\/wp\/v2\/pages\/26\/revisions\/513"}],"wp:attachment":[{"href":"https:\/\/segin.com.co\/index.php\/wp-json\/wp\/v2\/media?parent=26"}],"curies":[{"name":"wp","href":"https:\/\/api.w.org\/{rel}","templated":true}]}}